{"id":247,"date":"2024-10-26T07:45:54","date_gmt":"2024-10-26T07:45:54","guid":{"rendered":"https:\/\/palegoldenrod-parrot-525480.hostingersite.com\/es\/?page_id=247"},"modified":"2025-04-17T06:18:46","modified_gmt":"2025-04-17T06:18:46","slug":"imprimir","status":"publish","type":"page","link":"https:\/\/couponmonger.com\/es\/imprimir","title":{"rendered":"imprimir"},"content":{"rendered":"<p>QAISTECH<\/p>\n<div>Direcci\u00f3n: <a>44C, Khalid Commercial, Lane 1, Phase 7 Ext, DHA, Karachi. Pakistan. 75500.<\/a><\/div>\n<p>Env\u00edenos un correo electr\u00f3nico: contact@couponmonger.com<\/p>\n","protected":false},"excerpt":{"rendered":"<p>QAISTECH Direcci\u00f3n: 44C, Khalid Commercial, Lane 1, Phase 7 Ext, DHA, Karachi. Pakistan. 75500. Env\u00edenos un correo electr\u00f3nico: contact@couponmonger.com<\/p>\n","protected":false},"author":2,"featured_media":0,"parent":0,"menu_order":5,"comment_status":"closed","ping_status":"closed","template":"","meta":{"_acf_changed":false,"footnotes":""},"class_list":["post-247","page","type-page","status-publish","hentry"],"acf":[],"yoast_head":"<!-- This site is optimized with the Yoast SEO plugin v24.7 - https:\/\/yoast.com\/wordpress\/plugins\/seo\/ -->\n<title>imprimir - Coupon Monger<\/title>\n<meta name=\"robots\" content=\"index, follow, max-snippet:-1, max-image-preview:large, max-video-preview:-1\" \/>\n<link rel=\"canonical\" href=\"https:\/\/couponmonger.com\/es\/imprimir\" \/>\n<meta property=\"og:locale\" content=\"en_US\" \/>\n<meta property=\"og:type\" content=\"article\" \/>\n<meta property=\"og:title\" content=\"imprimir - Coupon Monger\" \/>\n<meta property=\"og:description\" content=\"QAISTECH Direcci\u00f3n: 44C, Khalid Commercial, Lane 1, Phase 7 Ext, DHA, Karachi. Pakistan. 75500. Env\u00edenos un correo electr\u00f3nico: contact@couponmonger.com\" \/>\n<meta property=\"og:url\" content=\"https:\/\/couponmonger.com\/es\/imprimir\" \/>\n<meta property=\"og:site_name\" content=\"Coupon Monger\" \/>\n<meta property=\"article:modified_time\" content=\"2025-04-17T06:18:46+00:00\" \/>\n<meta name=\"twitter:card\" content=\"summary_large_image\" \/>\n<meta name=\"twitter:label1\" content=\"Est. reading time\" \/>\n\t<meta name=\"twitter:data1\" content=\"1 minute\" \/>\n<script type=\"application\/ld+json\" class=\"yoast-schema-graph\">{\"@context\":\"https:\/\/schema.org\",\"@graph\":[{\"@type\":\"WebPage\",\"@id\":\"https:\/\/couponmonger.com\/es\/imprimir\",\"url\":\"https:\/\/couponmonger.com\/es\/imprimir\",\"name\":\"imprimir - Coupon Monger\",\"isPartOf\":{\"@id\":\"https:\/\/couponmonger.com\/es\/#website\"},\"datePublished\":\"2024-10-26T07:45:54+00:00\",\"dateModified\":\"2025-04-17T06:18:46+00:00\",\"breadcrumb\":{\"@id\":\"https:\/\/couponmonger.com\/es\/imprimir#breadcrumb\"},\"inLanguage\":\"en-US\",\"potentialAction\":[{\"@type\":\"ReadAction\",\"target\":[\"https:\/\/couponmonger.com\/es\/imprimir\"]}]},{\"@type\":\"BreadcrumbList\",\"@id\":\"https:\/\/couponmonger.com\/es\/imprimir#breadcrumb\",\"itemListElement\":[{\"@type\":\"ListItem\",\"position\":1,\"name\":\"Home\",\"item\":\"https:\/\/couponmonger.com\/es\/\"},{\"@type\":\"ListItem\",\"position\":2,\"name\":\"imprimir\"}]},{\"@type\":\"WebSite\",\"@id\":\"https:\/\/couponmonger.com\/es\/#website\",\"url\":\"https:\/\/couponmonger.com\/es\/\",\"name\":\"Coupon Monger\",\"description\":\"\",\"potentialAction\":[{\"@type\":\"SearchAction\",\"target\":{\"@type\":\"EntryPoint\",\"urlTemplate\":\"https:\/\/couponmonger.com\/es\/?s={search_term_string}\"},\"query-input\":{\"@type\":\"PropertyValueSpecification\",\"valueRequired\":true,\"valueName\":\"search_term_string\"}}],\"inLanguage\":\"en-US\"}]}<\/script>\n<!-- \/ Yoast SEO plugin. -->","yoast_head_json":{"title":"imprimir - Coupon Monger","robots":{"index":"index","follow":"follow","max-snippet":"max-snippet:-1","max-image-preview":"max-image-preview:large","max-video-preview":"max-video-preview:-1"},"canonical":"https:\/\/couponmonger.com\/es\/imprimir","og_locale":"en_US","og_type":"article","og_title":"imprimir - Coupon Monger","og_description":"QAISTECH Direcci\u00f3n: 44C, Khalid Commercial, Lane 1, Phase 7 Ext, DHA, Karachi. Pakistan. 75500. Env\u00edenos un correo electr\u00f3nico: contact@couponmonger.com","og_url":"https:\/\/couponmonger.com\/es\/imprimir","og_site_name":"Coupon Monger","article_modified_time":"2025-04-17T06:18:46+00:00","twitter_card":"summary_large_image","twitter_misc":{"Est. reading time":"1 minute"},"schema":{"@context":"https:\/\/schema.org","@graph":[{"@type":"WebPage","@id":"https:\/\/couponmonger.com\/es\/imprimir","url":"https:\/\/couponmonger.com\/es\/imprimir","name":"imprimir - Coupon Monger","isPartOf":{"@id":"https:\/\/couponmonger.com\/es\/#website"},"datePublished":"2024-10-26T07:45:54+00:00","dateModified":"2025-04-17T06:18:46+00:00","breadcrumb":{"@id":"https:\/\/couponmonger.com\/es\/imprimir#breadcrumb"},"inLanguage":"en-US","potentialAction":[{"@type":"ReadAction","target":["https:\/\/couponmonger.com\/es\/imprimir"]}]},{"@type":"BreadcrumbList","@id":"https:\/\/couponmonger.com\/es\/imprimir#breadcrumb","itemListElement":[{"@type":"ListItem","position":1,"name":"Home","item":"https:\/\/couponmonger.com\/es\/"},{"@type":"ListItem","position":2,"name":"imprimir"}]},{"@type":"WebSite","@id":"https:\/\/couponmonger.com\/es\/#website","url":"https:\/\/couponmonger.com\/es\/","name":"Coupon Monger","description":"","potentialAction":[{"@type":"SearchAction","target":{"@type":"EntryPoint","urlTemplate":"https:\/\/couponmonger.com\/es\/?s={search_term_string}"},"query-input":{"@type":"PropertyValueSpecification","valueRequired":true,"valueName":"search_term_string"}}],"inLanguage":"en-US"}]}},"_links":{"self":[{"href":"https:\/\/couponmonger.com\/es\/wp-json\/wp\/v2\/pages\/247","targetHints":{"allow":["GET"]}}],"collection":[{"href":"https:\/\/couponmonger.com\/es\/wp-json\/wp\/v2\/pages"}],"about":[{"href":"https:\/\/couponmonger.com\/es\/wp-json\/wp\/v2\/types\/page"}],"author":[{"embeddable":true,"href":"https:\/\/couponmonger.com\/es\/wp-json\/wp\/v2\/users\/2"}],"replies":[{"embeddable":true,"href":"https:\/\/couponmonger.com\/es\/wp-json\/wp\/v2\/comments?post=247"}],"version-history":[{"count":7,"href":"https:\/\/couponmonger.com\/es\/wp-json\/wp\/v2\/pages\/247\/revisions"}],"predecessor-version":[{"id":27396,"href":"https:\/\/couponmonger.com\/es\/wp-json\/wp\/v2\/pages\/247\/revisions\/27396"}],"wp:attachment":[{"href":"https:\/\/couponmonger.com\/es\/wp-json\/wp\/v2\/media?parent=247"}],"curies":[{"name":"wp","href":"https:\/\/api.w.org\/{rel}","templated":true}]}}